{"id":2416,"date":"2016-12-04T18:23:53","date_gmt":"2016-12-04T10:23:53","guid":{"rendered":"http:\/\/rt18-t1030.bshark.com\/?page_id=2416"},"modified":"2020-02-24T16:41:35","modified_gmt":"2020-02-24T08:41:35","slug":"products","status":"publish","type":"page","link":"https:\/\/www.custom-displays.com\/fr\/products\/","title":{"rendered":"Des produits"},"content":{"rendered":"","protected":false},"excerpt":{"rendered":"","protected":false},"author":1,"featured_media":0,"parent":0,"menu_order":0,"comment_status":"open","ping_status":"closed","template":"","meta":{"footnotes":""},"class_list":["post-2416","page","type-page","status-publish","hentry"],"yoast_head":"<!-- This site is optimized with the Yoast SEO plugin v27.4 - https:\/\/yoast.com\/product\/yoast-seo-wordpress\/ -->\n<title>Custom acrylic box, Acrylic display stands, Brochure holders<\/title>\n<meta name=\"description\" content=\"China manufacturer offers custom acrylic box, acrylic display stands, cosmetic display, makeup organizer, brochure holders, acrylic block, laser cut acrylic\" \/>\n<meta name=\"robots\" content=\"index, follow, max-snippet:-1, max-image-preview:large, max-video-preview:-1\" \/>\n<link rel=\"canonical\" href=\"https:\/\/www.custom-displays.com\/fr\/products\/\" \/>\n<meta property=\"og:locale\" content=\"fr_FR\" \/>\n<meta property=\"og:type\" content=\"article\" \/>\n<meta property=\"og:title\" content=\"Custom acrylic box, Acrylic display stands, Brochure holders\" \/>\n<meta property=\"og:description\" content=\"China manufacturer offers custom acrylic box, acrylic display stands, cosmetic display, makeup organizer, brochure holders, acrylic block, laser cut acrylic\" \/>\n<meta property=\"og:url\" content=\"https:\/\/www.custom-displays.com\/fr\/products\/\" \/>\n<meta property=\"og:site_name\" content=\"China acrylic display manufacturer, Acrylic box manufacturer\" \/>\n<meta property=\"article:modified_time\" content=\"2020-02-24T08:41:35+00:00\" \/>\n<script type=\"application\/ld+json\" class=\"yoast-schema-graph\">{\"@context\":\"https:\\\/\\\/schema.org\",\"@graph\":[{\"@type\":\"WebPage\",\"@id\":\"https:\\\/\\\/www.custom-displays.com\\\/ko\\\/products\\\/\",\"url\":\"https:\\\/\\\/www.custom-displays.com\\\/ko\\\/products\\\/\",\"name\":\"Custom acrylic box, Acrylic display stands, Brochure holders\",\"isPartOf\":{\"@id\":\"https:\\\/\\\/www.custom-displays.com\\\/es\\\/#website\"},\"datePublished\":\"2016-12-04T10:23:53+00:00\",\"dateModified\":\"2020-02-24T08:41:35+00:00\",\"description\":\"China manufacturer offers custom acrylic box, acrylic display stands, cosmetic display, makeup organizer, brochure holders, acrylic block, laser cut acrylic\",\"breadcrumb\":{\"@id\":\"https:\\\/\\\/www.custom-displays.com\\\/ko\\\/products\\\/#breadcrumb\"},\"inLanguage\":\"fr-FR\",\"potentialAction\":[{\"@type\":\"ReadAction\",\"target\":[\"https:\\\/\\\/www.custom-displays.com\\\/ko\\\/products\\\/\"]}]},{\"@type\":\"BreadcrumbList\",\"@id\":\"https:\\\/\\\/www.custom-displays.com\\\/ko\\\/products\\\/#breadcrumb\",\"itemListElement\":[{\"@type\":\"ListItem\",\"position\":1,\"name\":\"Home\",\"item\":\"https:\\\/\\\/www.custom-displays.com\\\/es\\\/\"},{\"@type\":\"ListItem\",\"position\":2,\"name\":\"Products\"}]},{\"@type\":\"WebSite\",\"@id\":\"https:\\\/\\\/www.custom-displays.com\\\/es\\\/#website\",\"url\":\"https:\\\/\\\/www.custom-displays.com\\\/es\\\/\",\"name\":\"China acrylic display manufacturer, Acrylic box manufacturer\",\"description\":\"Custom acrylic displays, Custom acrylic box\",\"potentialAction\":[{\"@type\":\"SearchAction\",\"target\":{\"@type\":\"EntryPoint\",\"urlTemplate\":\"https:\\\/\\\/www.custom-displays.com\\\/es\\\/?s={search_term_string}\"},\"query-input\":{\"@type\":\"PropertyValueSpecification\",\"valueRequired\":true,\"valueName\":\"search_term_string\"}}],\"inLanguage\":\"fr-FR\"}]}<\/script>\n<!-- \/ Yoast SEO plugin. -->","yoast_head_json":{"title":"Bo\u00eete acrylique personnalis\u00e9e, pr\u00e9sentoirs acryliques, porte-brochures","description":"Un fabricant chinois propose une bo\u00eete en acrylique personnalis\u00e9e, des pr\u00e9sentoirs en acrylique, un pr\u00e9sentoir cosm\u00e9tique, un organisateur de maquillage, des porte-brochures, un bloc acrylique, de l&#039;acrylique d\u00e9coup\u00e9 au laser","robots":{"index":"index","follow":"follow","max-snippet":"max-snippet:-1","max-image-preview":"max-image-preview:large","max-video-preview":"max-video-preview:-1"},"canonical":"https:\/\/www.custom-displays.com\/fr\/products\/","og_locale":"fr_FR","og_type":"article","og_title":"Custom acrylic box, Acrylic display stands, Brochure holders","og_description":"China manufacturer offers custom acrylic box, acrylic display stands, cosmetic display, makeup organizer, brochure holders, acrylic block, laser cut acrylic","og_url":"https:\/\/www.custom-displays.com\/fr\/products\/","og_site_name":"China acrylic display manufacturer, Acrylic box manufacturer","article_modified_time":"2020-02-24T08:41:35+00:00","schema":{"@context":"https:\/\/schema.org","@graph":[{"@type":"WebPage","@id":"https:\/\/www.custom-displays.com\/ko\/products\/","url":"https:\/\/www.custom-displays.com\/ko\/products\/","name":"Bo\u00eete acrylique personnalis\u00e9e, pr\u00e9sentoirs acryliques, porte-brochures","isPartOf":{"@id":"https:\/\/www.custom-displays.com\/es\/#website"},"datePublished":"2016-12-04T10:23:53+00:00","dateModified":"2020-02-24T08:41:35+00:00","description":"Un fabricant chinois propose une bo\u00eete en acrylique personnalis\u00e9e, des pr\u00e9sentoirs en acrylique, un pr\u00e9sentoir cosm\u00e9tique, un organisateur de maquillage, des porte-brochures, un bloc acrylique, de l&#039;acrylique d\u00e9coup\u00e9 au laser","breadcrumb":{"@id":"https:\/\/www.custom-displays.com\/ko\/products\/#breadcrumb"},"inLanguage":"fr-FR","potentialAction":[{"@type":"ReadAction","target":["https:\/\/www.custom-displays.com\/ko\/products\/"]}]},{"@type":"BreadcrumbList","@id":"https:\/\/www.custom-displays.com\/ko\/products\/#breadcrumb","itemListElement":[{"@type":"ListItem","position":1,"name":"Home","item":"https:\/\/www.custom-displays.com\/es\/"},{"@type":"ListItem","position":2,"name":"Products"}]},{"@type":"WebSite","@id":"https:\/\/www.custom-displays.com\/es\/#website","url":"https:\/\/www.custom-displays.com\/es\/","name":"Fabricant de pr\u00e9sentoirs en acrylique en Chine, fabricant de bo\u00eetes en acrylique","description":"Pr\u00e9sentoirs acryliques personnalis\u00e9s, bo\u00eete acrylique personnalis\u00e9e","potentialAction":[{"@type":"SearchAction","target":{"@type":"EntryPoint","urlTemplate":"https:\/\/www.custom-displays.com\/es\/?s={search_term_string}"},"query-input":{"@type":"PropertyValueSpecification","valueRequired":true,"valueName":"search_term_string"}}],"inLanguage":"fr-FR"}]}},"_links":{"self":[{"href":"https:\/\/www.custom-displays.com\/fr\/wp-json\/wp\/v2\/pages\/2416","targetHints":{"allow":["GET"]}}],"collection":[{"href":"https:\/\/www.custom-displays.com\/fr\/wp-json\/wp\/v2\/pages"}],"about":[{"href":"https:\/\/www.custom-displays.com\/fr\/wp-json\/wp\/v2\/types\/page"}],"author":[{"embeddable":true,"href":"https:\/\/www.custom-displays.com\/fr\/wp-json\/wp\/v2\/users\/1"}],"replies":[{"embeddable":true,"href":"https:\/\/www.custom-displays.com\/fr\/wp-json\/wp\/v2\/comments?post=2416"}],"version-history":[{"count":0,"href":"https:\/\/www.custom-displays.com\/fr\/wp-json\/wp\/v2\/pages\/2416\/revisions"}],"wp:attachment":[{"href":"https:\/\/www.custom-displays.com\/fr\/wp-json\/wp\/v2\/media?parent=2416"}],"curies":[{"name":"wp","href":"https:\/\/api.w.org\/{rel}","templated":true}]}}