{"id":88,"date":"2016-12-02T15:23:03","date_gmt":"2016-12-02T07:23:03","guid":{"rendered":"http:\/\/rt18-t1028.bshark.com\/?page_id=88"},"modified":"2017-03-13T16:16:29","modified_gmt":"2017-03-13T08:16:29","slug":"news","status":"publish","type":"page","link":"https:\/\/www.custom-displays.com\/es\/news\/","title":{"rendered":"Noticias"},"content":{"rendered":"<p>Noticias de Fabricantes de expositores<\/p>","protected":false},"excerpt":{"rendered":"","protected":false},"author":1,"featured_media":0,"parent":0,"menu_order":0,"comment_status":"closed","ping_status":"closed","template":"","meta":{"footnotes":""},"class_list":["post-88","page","type-page","status-publish","hentry"],"yoast_head":"<!-- This site is optimized with the Yoast SEO plugin v27.4 - https:\/\/yoast.com\/product\/yoast-seo-wordpress\/ -->\n<title>News - Acrylic box, Acrylic display, Acrylic furniture, Acrylic Frames<\/title>\n<meta name=\"description\" content=\"All kinds of news about Acrylic box, Food display, Jewelry display, Makeup display, Brochure holder, Acrylic furniture, Acrylic sign holders, Acrylic Frames\" \/>\n<meta name=\"robots\" content=\"index, follow, max-snippet:-1, max-image-preview:large, max-video-preview:-1\" \/>\n<link rel=\"canonical\" href=\"https:\/\/www.custom-displays.com\/es\/news\/\" \/>\n<meta property=\"og:locale\" content=\"es_ES\" \/>\n<meta property=\"og:type\" content=\"article\" \/>\n<meta property=\"og:title\" content=\"News - Acrylic box, Acrylic display, Acrylic furniture, Acrylic Frames\" \/>\n<meta property=\"og:description\" content=\"All kinds of news about Acrylic box, Food display, Jewelry display, Makeup display, Brochure holder, Acrylic furniture, Acrylic sign holders, Acrylic Frames\" \/>\n<meta property=\"og:url\" content=\"https:\/\/www.custom-displays.com\/es\/news\/\" \/>\n<meta property=\"og:site_name\" content=\"China acrylic display manufacturer, Acrylic box manufacturer\" \/>\n<meta property=\"article:modified_time\" content=\"2017-03-13T08:16:29+00:00\" \/>\n<script type=\"application\/ld+json\" class=\"yoast-schema-graph\">{\"@context\":\"https:\\\/\\\/schema.org\",\"@graph\":[{\"@type\":\"WebPage\",\"@id\":\"https:\\\/\\\/www.custom-displays.com\\\/news\\\/\",\"url\":\"https:\\\/\\\/www.custom-displays.com\\\/news\\\/\",\"name\":\"News - Acrylic box, Acrylic display, Acrylic furniture, Acrylic Frames\",\"isPartOf\":{\"@id\":\"https:\\\/\\\/www.custom-displays.com\\\/es\\\/#website\"},\"datePublished\":\"2016-12-02T07:23:03+00:00\",\"dateModified\":\"2017-03-13T08:16:29+00:00\",\"description\":\"All kinds of news about Acrylic box, Food display, Jewelry display, Makeup display, Brochure holder, Acrylic furniture, Acrylic sign holders, Acrylic Frames\",\"breadcrumb\":{\"@id\":\"https:\\\/\\\/www.custom-displays.com\\\/news\\\/#breadcrumb\"},\"inLanguage\":\"es\",\"potentialAction\":[{\"@type\":\"ReadAction\",\"target\":[\"https:\\\/\\\/www.custom-displays.com\\\/news\\\/\"]}]},{\"@type\":\"BreadcrumbList\",\"@id\":\"https:\\\/\\\/www.custom-displays.com\\\/news\\\/#breadcrumb\",\"itemListElement\":[{\"@type\":\"ListItem\",\"position\":1,\"name\":\"Home\",\"item\":\"https:\\\/\\\/www.custom-displays.com\\\/es\\\/\"},{\"@type\":\"ListItem\",\"position\":2,\"name\":\"News\"}]},{\"@type\":\"WebSite\",\"@id\":\"https:\\\/\\\/www.custom-displays.com\\\/es\\\/#website\",\"url\":\"https:\\\/\\\/www.custom-displays.com\\\/es\\\/\",\"name\":\"China acrylic display manufacturer, Acrylic box manufacturer\",\"description\":\"Custom acrylic displays, Custom acrylic box\",\"potentialAction\":[{\"@type\":\"SearchAction\",\"target\":{\"@type\":\"EntryPoint\",\"urlTemplate\":\"https:\\\/\\\/www.custom-displays.com\\\/es\\\/?s={search_term_string}\"},\"query-input\":{\"@type\":\"PropertyValueSpecification\",\"valueRequired\":true,\"valueName\":\"search_term_string\"}}],\"inLanguage\":\"es\"}]}<\/script>\n<!-- \/ Yoast SEO plugin. -->","yoast_head_json":{"title":"Noticias - Caja de acr\u00edlico, Expositor de acr\u00edlico, Muebles de acr\u00edlico, Marcos de acr\u00edlico","description":"Todo tipo de novedades sobre Caja de acr\u00edlico, Expositor de alimentos, Expositor de joyas, Expositor de maquillaje, Porta folletos, Muebles de acr\u00edlico, Porta carteles de acr\u00edlico, Marcos de acr\u00edlico","robots":{"index":"index","follow":"follow","max-snippet":"max-snippet:-1","max-image-preview":"max-image-preview:large","max-video-preview":"max-video-preview:-1"},"canonical":"https:\/\/www.custom-displays.com\/es\/news\/","og_locale":"es_ES","og_type":"article","og_title":"News - Acrylic box, Acrylic display, Acrylic furniture, Acrylic Frames","og_description":"All kinds of news about Acrylic box, Food display, Jewelry display, Makeup display, Brochure holder, Acrylic furniture, Acrylic sign holders, Acrylic Frames","og_url":"https:\/\/www.custom-displays.com\/es\/news\/","og_site_name":"China acrylic display manufacturer, Acrylic box manufacturer","article_modified_time":"2017-03-13T08:16:29+00:00","schema":{"@context":"https:\/\/schema.org","@graph":[{"@type":"WebPage","@id":"https:\/\/www.custom-displays.com\/news\/","url":"https:\/\/www.custom-displays.com\/news\/","name":"Noticias - Caja de acr\u00edlico, Expositor de acr\u00edlico, Muebles de acr\u00edlico, Marcos de acr\u00edlico","isPartOf":{"@id":"https:\/\/www.custom-displays.com\/es\/#website"},"datePublished":"2016-12-02T07:23:03+00:00","dateModified":"2017-03-13T08:16:29+00:00","description":"Todo tipo de novedades sobre Caja de acr\u00edlico, Expositor de alimentos, Expositor de joyas, Expositor de maquillaje, Porta folletos, Muebles de acr\u00edlico, Porta carteles de acr\u00edlico, Marcos de acr\u00edlico","breadcrumb":{"@id":"https:\/\/www.custom-displays.com\/news\/#breadcrumb"},"inLanguage":"es","potentialAction":[{"@type":"ReadAction","target":["https:\/\/www.custom-displays.com\/news\/"]}]},{"@type":"BreadcrumbList","@id":"https:\/\/www.custom-displays.com\/news\/#breadcrumb","itemListElement":[{"@type":"ListItem","position":1,"name":"Home","item":"https:\/\/www.custom-displays.com\/es\/"},{"@type":"ListItem","position":2,"name":"News"}]},{"@type":"WebSite","@id":"https:\/\/www.custom-displays.com\/es\/#website","url":"https:\/\/www.custom-displays.com\/es\/","name":"Fabricante de pantallas acr\u00edlicas de China, fabricante de cajas acr\u00edlicas","description":"Expositores acr\u00edlicos personalizados, Caja acr\u00edlica personalizada.","potentialAction":[{"@type":"SearchAction","target":{"@type":"EntryPoint","urlTemplate":"https:\/\/www.custom-displays.com\/es\/?s={search_term_string}"},"query-input":{"@type":"PropertyValueSpecification","valueRequired":true,"valueName":"search_term_string"}}],"inLanguage":"es"}]}},"_links":{"self":[{"href":"https:\/\/www.custom-displays.com\/es\/wp-json\/wp\/v2\/pages\/88","targetHints":{"allow":["GET"]}}],"collection":[{"href":"https:\/\/www.custom-displays.com\/es\/wp-json\/wp\/v2\/pages"}],"about":[{"href":"https:\/\/www.custom-displays.com\/es\/wp-json\/wp\/v2\/types\/page"}],"author":[{"embeddable":true,"href":"https:\/\/www.custom-displays.com\/es\/wp-json\/wp\/v2\/users\/1"}],"replies":[{"embeddable":true,"href":"https:\/\/www.custom-displays.com\/es\/wp-json\/wp\/v2\/comments?post=88"}],"version-history":[{"count":0,"href":"https:\/\/www.custom-displays.com\/es\/wp-json\/wp\/v2\/pages\/88\/revisions"}],"wp:attachment":[{"href":"https:\/\/www.custom-displays.com\/es\/wp-json\/wp\/v2\/media?parent=88"}],"curies":[{"name":"wp","href":"https:\/\/api.w.org\/{rel}","templated":true}]}}