{"id":84,"date":"2016-12-02T14:46:51","date_gmt":"2016-12-02T06:46:51","guid":{"rendered":"http:\/\/rt18-t1028.bshark.com\/?page_id=84"},"modified":"2017-03-13T15:59:26","modified_gmt":"2017-03-13T07:59:26","slug":"contact-us","status":"publish","type":"page","link":"https:\/\/www.custom-displays.com\/es\/contact-us\/","title":{"rendered":"Cont\u00e1ctenos"},"content":{"rendered":"<p>P\u00f3ngase en contacto con fabricantes de expositores, fabricantes de expositores, fabricantes de expositores para puntos de venta<\/p>","protected":false},"excerpt":{"rendered":"","protected":false},"author":1,"featured_media":0,"parent":0,"menu_order":0,"comment_status":"open","ping_status":"closed","template":"","meta":{"footnotes":""},"class_list":["post-84","page","type-page","status-publish","hentry"],"yoast_head":"<!-- This site is optimized with the Yoast SEO plugin v27.5 - https:\/\/yoast.com\/product\/yoast-seo-wordpress\/ -->\n<title>Contact us - Professional China display stand manufacturers<\/title>\n<meta name=\"description\" content=\"If you need help about acrylic display stands or any other acrylic products, please feel free to contact us on line or by email, we will reply you soon.\" \/>\n<meta name=\"robots\" content=\"index, follow, max-snippet:-1, max-image-preview:large, max-video-preview:-1\" \/>\n<link rel=\"canonical\" href=\"https:\/\/www.custom-displays.com\/es\/contact-us\/\" \/>\n<meta property=\"og:locale\" content=\"es_ES\" \/>\n<meta property=\"og:type\" content=\"article\" \/>\n<meta property=\"og:title\" content=\"Contact us - Professional China display stand manufacturers\" \/>\n<meta property=\"og:description\" content=\"If you need help about acrylic display stands or any other acrylic products, please feel free to contact us on line or by email, we will reply you soon.\" \/>\n<meta property=\"og:url\" content=\"https:\/\/www.custom-displays.com\/es\/contact-us\/\" \/>\n<meta property=\"og:site_name\" content=\"China acrylic display manufacturer, Acrylic box manufacturer\" \/>\n<meta property=\"article:modified_time\" content=\"2017-03-13T07:59:26+00:00\" \/>\n<script type=\"application\/ld+json\" class=\"yoast-schema-graph\">{\"@context\":\"https:\\\/\\\/schema.org\",\"@graph\":[{\"@type\":\"WebPage\",\"@id\":\"https:\\\/\\\/www.custom-displays.com\\\/contact-us\\\/\",\"url\":\"https:\\\/\\\/www.custom-displays.com\\\/contact-us\\\/\",\"name\":\"Contact us - Professional China display stand manufacturers\",\"isPartOf\":{\"@id\":\"https:\\\/\\\/www.custom-displays.com\\\/es\\\/#website\"},\"datePublished\":\"2016-12-02T06:46:51+00:00\",\"dateModified\":\"2017-03-13T07:59:26+00:00\",\"description\":\"If you need help about acrylic display stands or any other acrylic products, please feel free to contact us on line or by email, we will reply you soon.\",\"breadcrumb\":{\"@id\":\"https:\\\/\\\/www.custom-displays.com\\\/contact-us\\\/#breadcrumb\"},\"inLanguage\":\"es\",\"potentialAction\":[{\"@type\":\"ReadAction\",\"target\":[\"https:\\\/\\\/www.custom-displays.com\\\/contact-us\\\/\"]}]},{\"@type\":\"BreadcrumbList\",\"@id\":\"https:\\\/\\\/www.custom-displays.com\\\/contact-us\\\/#breadcrumb\",\"itemListElement\":[{\"@type\":\"ListItem\",\"position\":1,\"name\":\"Home\",\"item\":\"https:\\\/\\\/www.custom-displays.com\\\/es\\\/\"},{\"@type\":\"ListItem\",\"position\":2,\"name\":\"Contact us\"}]},{\"@type\":\"WebSite\",\"@id\":\"https:\\\/\\\/www.custom-displays.com\\\/es\\\/#website\",\"url\":\"https:\\\/\\\/www.custom-displays.com\\\/es\\\/\",\"name\":\"China acrylic display manufacturer, Acrylic box manufacturer\",\"description\":\"Custom acrylic displays, Custom acrylic box\",\"potentialAction\":[{\"@type\":\"SearchAction\",\"target\":{\"@type\":\"EntryPoint\",\"urlTemplate\":\"https:\\\/\\\/www.custom-displays.com\\\/es\\\/?s={search_term_string}\"},\"query-input\":{\"@type\":\"PropertyValueSpecification\",\"valueRequired\":true,\"valueName\":\"search_term_string\"}}],\"inLanguage\":\"es\"}]}<\/script>\n<!-- \/ Yoast SEO plugin. -->","yoast_head_json":{"title":"Cont\u00e1ctenos - Fabricantes profesionales de soportes de exhibici\u00f3n en China","description":"Si necesita ayuda sobre expositores acr\u00edlicos o cualquier otro producto acr\u00edlico, no dude en contactarnos en l\u00ednea o por correo electr\u00f3nico, le responderemos pronto.","robots":{"index":"index","follow":"follow","max-snippet":"max-snippet:-1","max-image-preview":"max-image-preview:large","max-video-preview":"max-video-preview:-1"},"canonical":"https:\/\/www.custom-displays.com\/es\/contact-us\/","og_locale":"es_ES","og_type":"article","og_title":"Contact us - Professional China display stand manufacturers","og_description":"If you need help about acrylic display stands or any other acrylic products, please feel free to contact us on line or by email, we will reply you soon.","og_url":"https:\/\/www.custom-displays.com\/es\/contact-us\/","og_site_name":"China acrylic display manufacturer, Acrylic box manufacturer","article_modified_time":"2017-03-13T07:59:26+00:00","schema":{"@context":"https:\/\/schema.org","@graph":[{"@type":"WebPage","@id":"https:\/\/www.custom-displays.com\/contact-us\/","url":"https:\/\/www.custom-displays.com\/contact-us\/","name":"Cont\u00e1ctenos - Fabricantes profesionales de soportes de exhibici\u00f3n en China","isPartOf":{"@id":"https:\/\/www.custom-displays.com\/es\/#website"},"datePublished":"2016-12-02T06:46:51+00:00","dateModified":"2017-03-13T07:59:26+00:00","description":"Si necesita ayuda sobre expositores acr\u00edlicos o cualquier otro producto acr\u00edlico, no dude en contactarnos en l\u00ednea o por correo electr\u00f3nico, le responderemos pronto.","breadcrumb":{"@id":"https:\/\/www.custom-displays.com\/contact-us\/#breadcrumb"},"inLanguage":"es","potentialAction":[{"@type":"ReadAction","target":["https:\/\/www.custom-displays.com\/contact-us\/"]}]},{"@type":"BreadcrumbList","@id":"https:\/\/www.custom-displays.com\/contact-us\/#breadcrumb","itemListElement":[{"@type":"ListItem","position":1,"name":"Home","item":"https:\/\/www.custom-displays.com\/es\/"},{"@type":"ListItem","position":2,"name":"Contact us"}]},{"@type":"WebSite","@id":"https:\/\/www.custom-displays.com\/es\/#website","url":"https:\/\/www.custom-displays.com\/es\/","name":"Fabricante de pantallas acr\u00edlicas de China, fabricante de cajas acr\u00edlicas","description":"Expositores acr\u00edlicos personalizados, Caja acr\u00edlica personalizada.","potentialAction":[{"@type":"SearchAction","target":{"@type":"EntryPoint","urlTemplate":"https:\/\/www.custom-displays.com\/es\/?s={search_term_string}"},"query-input":{"@type":"PropertyValueSpecification","valueRequired":true,"valueName":"search_term_string"}}],"inLanguage":"es"}]}},"_links":{"self":[{"href":"https:\/\/www.custom-displays.com\/es\/wp-json\/wp\/v2\/pages\/84","targetHints":{"allow":["GET"]}}],"collection":[{"href":"https:\/\/www.custom-displays.com\/es\/wp-json\/wp\/v2\/pages"}],"about":[{"href":"https:\/\/www.custom-displays.com\/es\/wp-json\/wp\/v2\/types\/page"}],"author":[{"embeddable":true,"href":"https:\/\/www.custom-displays.com\/es\/wp-json\/wp\/v2\/users\/1"}],"replies":[{"embeddable":true,"href":"https:\/\/www.custom-displays.com\/es\/wp-json\/wp\/v2\/comments?post=84"}],"version-history":[{"count":0,"href":"https:\/\/www.custom-displays.com\/es\/wp-json\/wp\/v2\/pages\/84\/revisions"}],"wp:attachment":[{"href":"https:\/\/www.custom-displays.com\/es\/wp-json\/wp\/v2\/media?parent=84"}],"curies":[{"name":"wp","href":"https:\/\/api.w.org\/{rel}","templated":true}]}}