{"id":55,"date":"2016-12-02T13:37:39","date_gmt":"2016-12-02T05:37:39","guid":{"rendered":"http:\/\/rt18-t1028.bshark.com\/?page_id=55"},"modified":"2024-08-27T20:18:57","modified_gmt":"2024-08-27T12:18:57","slug":"about-us","status":"publish","type":"page","link":"https:\/\/www.custom-displays.com\/es\/about-us\/","title":{"rendered":"Sobre nosotros"},"content":{"rendered":"<h2 class=\"wp-block-heading has-text-color has-medium-font-size\" style=\"color:#6a0dc2\"><strong>Soluci\u00f3n integral para productos acr\u00edlicos personalizados - Sunday Knight Co. Ltd<\/strong><\/h2>\n\n\n\n<p>Fundada en 2012, Sunday Knight Co. Ltd es un fabricante de productos acr\u00edlicos de primer nivel ubicado en la ciudad de Dongguan, provincia de Guangdong, China. Nuestros valores fundamentales se centran en la calidad y un servicio al cliente excepcional. Ofrecemos una amplia gama de productos OEM\/ODM, incluidos <strong>cajas acr\u00edlicas personalizadas<\/strong>, <strong>soportes de exhibici\u00f3n de acr\u00edlico<\/strong>, exhibidores de alimentos, exhibidores de joyas, exhibidores de maquillaje, portafolletos, muebles acr\u00edlicos, botelleros, porta carteles, marcos de fotos, soportes para monitores, soportes para computadoras port\u00e1tiles, soportes para tabletas, servicios de corte y grabado por l\u00e1ser.<\/p>\n\n\n\n<p>Nuestra l\u00ednea de producci\u00f3n de \u00faltima generaci\u00f3n y nuestros trabajadores calificados nos convierten en l\u00edderes en la industria del acr\u00edlico, brind\u00e1ndonos una ventaja competitiva en t\u00e9rminos de precio, calidad y tiempo de entrega. Deje que nuestro personal capacitado y experimentado lo ayude a hacer realidad su visi\u00f3n con servicios personalizados.<\/p>\n\n\n\n<p>En la \u00faltima d\u00e9cada, hemos atendido a miles de clientes, entregando exhibidores y cajas acr\u00edlicas personalizadas de alta calidad. Independientemente de su producto o presupuesto, ofrecemos soluciones asequibles para satisfacer sus necesidades. Nuestros productos se exportan a todo el mundo, incluidos Estados Unidos, Canad\u00e1, Reino Unido, Alemania, Italia, Francia, Suiza, Irlanda, Hungr\u00eda, Espa\u00f1a, Pa\u00edses Bajos, Australia, Nueva Zelanda, Sud\u00e1frica, Jap\u00f3n, Malasia, Singapur y Dubai.<\/p>\n\n\n\n<p>Todos nuestros productos est\u00e1n personalizados para satisfacer las necesidades espec\u00edficas de cada cliente, con una peque\u00f1a cantidad m\u00ednima de pedido requerida. Los productos acr\u00edlicos suelen estar hechos a mano, lo que elimina la necesidad de costos de herramientas y mantiene bajos los costos de producci\u00f3n de lotes peque\u00f1os.<\/p>\n\n\n\n<p>Para recibir una cotizaci\u00f3n para sus productos acr\u00edlicos personalizados, proporci\u00f3nenos las especificaciones y dimensiones detalladas, as\u00ed como la cantidad requerida. Nuestro equipo responder\u00e1 r\u00e1pidamente con una cotizaci\u00f3n.<\/p>\n\n\n<div class=\"wp-block-image\">\n<figure class=\"aligncenter size-full\"><img decoding=\"async\" width=\"750\" height=\"500\" src=\"https:\/\/www.custom-displays.com\/wp-content\/uploads\/2022\/10\/Our-Workshop.webp\" alt=\"Nuestro taller\" class=\"wp-image-20445\" srcset=\"https:\/\/www.custom-displays.com\/wp-content\/uploads\/2022\/10\/Our-Workshop.webp 750w, https:\/\/www.custom-displays.com\/wp-content\/uploads\/2022\/10\/Our-Workshop-400x267.webp 400w\" sizes=\"(max-width: 750px) 100vw, 750px\" \/><\/figure>\n<\/div>\n\n\n<h3 class=\"wp-block-heading has-text-color has-link-color has-medium-font-size wp-elements-41f6602db63f8fff0f73e5a6eb379567\" style=\"color:#6913bf\">Comprometidos con la filantrop\u00eda corporativa<mark style=\"background-color:rgba(0, 0, 0, 0)\" class=\"has-inline-color has-vivid-cyan-blue-color\"><\/mark><\/h3>\n\n\n\n<p>Desde la creaci\u00f3n de la empresa en 2012, Sunday Knight Co. Ltd se ha comprometido con la filantrop\u00eda corporativa. Reservamos 0,81 TP3T de cada pedido para comprar libros para ni\u00f1os de zonas afectadas por la pobreza. Hasta la fecha, hemos donado m\u00e1s de 55.000 libros, con un valor acumulado de m\u00e1s de $245.000 d\u00f3lares estadounidenses. Nuestro compromiso de retribuir a la comunidad refleja nuestra dedicaci\u00f3n a generar un impacto positivo.<\/p>\n\n\n<div class=\"wp-block-image\">\n<figure class=\"aligncenter size-full\"><img decoding=\"async\" width=\"750\" height=\"573\" src=\"https:\/\/www.custom-displays.com\/wp-content\/uploads\/2022\/10\/Corporate-Philanthropy.webp\" alt=\"Filantropia corporativa\" class=\"wp-image-20459\" srcset=\"https:\/\/www.custom-displays.com\/wp-content\/uploads\/2022\/10\/Corporate-Philanthropy.webp 750w, https:\/\/www.custom-displays.com\/wp-content\/uploads\/2022\/10\/Corporate-Philanthropy-400x306.webp 400w\" sizes=\"(max-width: 750px) 100vw, 750px\" \/><\/figure>\n<\/div>\n\n\n<h3 class=\"wp-block-heading has-text-color has-link-color wp-elements-e115cef64caf9c5577575ced61a02e1f\" style=\"color:#7814d7\">Algunos de nuestros socios de cooperaci\u00f3n:<\/h3>\n\n\n\n<figure class=\"wp-block-image size-full\"><img decoding=\"async\" width=\"1200\" height=\"190\" src=\"https:\/\/www.custom-displays.com\/wp-content\/uploads\/2022\/10\/Some-of-Our-Cooperation-Partners.webp\" alt=\"Algunos de nuestros socios de cooperaci\u00f3n\" class=\"wp-image-20444\" srcset=\"https:\/\/www.custom-displays.com\/wp-content\/uploads\/2022\/10\/Some-of-Our-Cooperation-Partners.webp 1200w, https:\/\/www.custom-displays.com\/wp-content\/uploads\/2022\/10\/Some-of-Our-Cooperation-Partners-400x63.webp 400w, https:\/\/www.custom-displays.com\/wp-content\/uploads\/2022\/10\/Some-of-Our-Cooperation-Partners-768x122.webp 768w\" sizes=\"(max-width: 1200px) 100vw, 1200px\" \/><\/figure>","protected":false},"excerpt":{"rendered":"","protected":false},"author":1,"featured_media":0,"parent":0,"menu_order":0,"comment_status":"closed","ping_status":"closed","template":"","meta":{"footnotes":""},"class_list":["post-55","page","type-page","status-publish","hentry"],"yoast_head":"<!-- This site is optimized with the Yoast SEO plugin v27.5 - https:\/\/yoast.com\/product\/yoast-seo-wordpress\/ -->\n<title>About us - Professional China Acrylic Display Manufacturer<\/title>\n<meta name=\"description\" content=\"We are acrylic display manufacturer in China, offer custom service for acrylic display stands, acrylic box, brochure holders, acrylic sign holders, etc.\" \/>\n<meta name=\"robots\" content=\"index, follow, max-snippet:-1, max-image-preview:large, max-video-preview:-1\" \/>\n<link rel=\"canonical\" href=\"https:\/\/www.custom-displays.com\/es\/about-us\/\" \/>\n<meta property=\"og:locale\" content=\"es_ES\" \/>\n<meta property=\"og:type\" content=\"article\" \/>\n<meta property=\"og:title\" content=\"About us - Professional China Acrylic Display Manufacturer\" \/>\n<meta property=\"og:description\" content=\"We are acrylic display manufacturer in China, offer custom service for acrylic display stands, acrylic box, brochure holders, acrylic sign holders, etc.\" \/>\n<meta property=\"og:url\" content=\"https:\/\/www.custom-displays.com\/es\/about-us\/\" \/>\n<meta property=\"og:site_name\" content=\"China acrylic display manufacturer, Acrylic box manufacturer\" \/>\n<meta property=\"article:modified_time\" content=\"2024-08-27T12:18:57+00:00\" \/>\n<meta property=\"og:image\" content=\"https:\/\/www.custom-displays.com\/wp-content\/uploads\/2022\/10\/Our-Workshop.webp\" \/>\n\t<meta property=\"og:image:width\" content=\"750\" \/>\n\t<meta property=\"og:image:height\" content=\"500\" \/>\n\t<meta property=\"og:image:type\" content=\"image\/webp\" \/>\n<meta name=\"twitter:label1\" content=\"Tiempo de lectura\" \/>\n\t<meta name=\"twitter:data1\" content=\"3 minutos\" \/>\n<script type=\"application\/ld+json\" class=\"yoast-schema-graph\">{\"@context\":\"https:\\\/\\\/schema.org\",\"@graph\":[{\"@type\":\"WebPage\",\"@id\":\"https:\\\/\\\/www.custom-displays.com\\\/about-us\\\/\",\"url\":\"https:\\\/\\\/www.custom-displays.com\\\/about-us\\\/\",\"name\":\"About us - Professional China Acrylic Display Manufacturer\",\"isPartOf\":{\"@id\":\"https:\\\/\\\/www.custom-displays.com\\\/es\\\/#website\"},\"primaryImageOfPage\":{\"@id\":\"https:\\\/\\\/www.custom-displays.com\\\/about-us\\\/#primaryimage\"},\"image\":{\"@id\":\"https:\\\/\\\/www.custom-displays.com\\\/about-us\\\/#primaryimage\"},\"thumbnailUrl\":\"https:\\\/\\\/www.custom-displays.com\\\/wp-content\\\/uploads\\\/2022\\\/10\\\/Our-Workshop.webp\",\"datePublished\":\"2016-12-02T05:37:39+00:00\",\"dateModified\":\"2024-08-27T12:18:57+00:00\",\"description\":\"We are acrylic display manufacturer in China, offer custom service for acrylic display stands, acrylic box, brochure holders, acrylic sign holders, etc.\",\"breadcrumb\":{\"@id\":\"https:\\\/\\\/www.custom-displays.com\\\/about-us\\\/#breadcrumb\"},\"inLanguage\":\"es\",\"potentialAction\":[{\"@type\":\"ReadAction\",\"target\":[\"https:\\\/\\\/www.custom-displays.com\\\/about-us\\\/\"]}]},{\"@type\":\"ImageObject\",\"inLanguage\":\"es\",\"@id\":\"https:\\\/\\\/www.custom-displays.com\\\/about-us\\\/#primaryimage\",\"url\":\"https:\\\/\\\/www.custom-displays.com\\\/wp-content\\\/uploads\\\/2022\\\/10\\\/Our-Workshop.webp\",\"contentUrl\":\"https:\\\/\\\/www.custom-displays.com\\\/wp-content\\\/uploads\\\/2022\\\/10\\\/Our-Workshop.webp\"},{\"@type\":\"BreadcrumbList\",\"@id\":\"https:\\\/\\\/www.custom-displays.com\\\/about-us\\\/#breadcrumb\",\"itemListElement\":[{\"@type\":\"ListItem\",\"position\":1,\"name\":\"Home\",\"item\":\"https:\\\/\\\/www.custom-displays.com\\\/es\\\/\"},{\"@type\":\"ListItem\",\"position\":2,\"name\":\"About us\"}]},{\"@type\":\"WebSite\",\"@id\":\"https:\\\/\\\/www.custom-displays.com\\\/es\\\/#website\",\"url\":\"https:\\\/\\\/www.custom-displays.com\\\/es\\\/\",\"name\":\"China acrylic display manufacturer, Acrylic box manufacturer\",\"description\":\"Custom acrylic displays, Custom acrylic box\",\"potentialAction\":[{\"@type\":\"SearchAction\",\"target\":{\"@type\":\"EntryPoint\",\"urlTemplate\":\"https:\\\/\\\/www.custom-displays.com\\\/es\\\/?s={search_term_string}\"},\"query-input\":{\"@type\":\"PropertyValueSpecification\",\"valueRequired\":true,\"valueName\":\"search_term_string\"}}],\"inLanguage\":\"es\"}]}<\/script>\n<!-- \/ Yoast SEO plugin. -->","yoast_head_json":{"title":"Sobre nosotros - Fabricante profesional de pantallas acr\u00edlicas en China","description":"Somos fabricantes de exhibidores acr\u00edlicos en China, ofrecemos servicio personalizado para expositores acr\u00edlicos, cajas acr\u00edlicas, portafolletos, porta carteles acr\u00edlicos, etc.","robots":{"index":"index","follow":"follow","max-snippet":"max-snippet:-1","max-image-preview":"max-image-preview:large","max-video-preview":"max-video-preview:-1"},"canonical":"https:\/\/www.custom-displays.com\/es\/about-us\/","og_locale":"es_ES","og_type":"article","og_title":"About us - Professional China Acrylic Display Manufacturer","og_description":"We are acrylic display manufacturer in China, offer custom service for acrylic display stands, acrylic box, brochure holders, acrylic sign holders, etc.","og_url":"https:\/\/www.custom-displays.com\/es\/about-us\/","og_site_name":"China acrylic display manufacturer, Acrylic box manufacturer","article_modified_time":"2024-08-27T12:18:57+00:00","og_image":[{"width":750,"height":500,"url":"https:\/\/www.custom-displays.com\/wp-content\/uploads\/2022\/10\/Our-Workshop.webp","type":"image\/webp"}],"twitter_misc":{"Tiempo de lectura":"3 minutos"},"schema":{"@context":"https:\/\/schema.org","@graph":[{"@type":"WebPage","@id":"https:\/\/www.custom-displays.com\/about-us\/","url":"https:\/\/www.custom-displays.com\/about-us\/","name":"Sobre nosotros - Fabricante profesional de pantallas acr\u00edlicas en China","isPartOf":{"@id":"https:\/\/www.custom-displays.com\/es\/#website"},"primaryImageOfPage":{"@id":"https:\/\/www.custom-displays.com\/about-us\/#primaryimage"},"image":{"@id":"https:\/\/www.custom-displays.com\/about-us\/#primaryimage"},"thumbnailUrl":"https:\/\/www.custom-displays.com\/wp-content\/uploads\/2022\/10\/Our-Workshop.webp","datePublished":"2016-12-02T05:37:39+00:00","dateModified":"2024-08-27T12:18:57+00:00","description":"Somos fabricantes de exhibidores acr\u00edlicos en China, ofrecemos servicio personalizado para expositores acr\u00edlicos, cajas acr\u00edlicas, portafolletos, porta carteles acr\u00edlicos, etc.","breadcrumb":{"@id":"https:\/\/www.custom-displays.com\/about-us\/#breadcrumb"},"inLanguage":"es","potentialAction":[{"@type":"ReadAction","target":["https:\/\/www.custom-displays.com\/about-us\/"]}]},{"@type":"ImageObject","inLanguage":"es","@id":"https:\/\/www.custom-displays.com\/about-us\/#primaryimage","url":"https:\/\/www.custom-displays.com\/wp-content\/uploads\/2022\/10\/Our-Workshop.webp","contentUrl":"https:\/\/www.custom-displays.com\/wp-content\/uploads\/2022\/10\/Our-Workshop.webp"},{"@type":"BreadcrumbList","@id":"https:\/\/www.custom-displays.com\/about-us\/#breadcrumb","itemListElement":[{"@type":"ListItem","position":1,"name":"Home","item":"https:\/\/www.custom-displays.com\/es\/"},{"@type":"ListItem","position":2,"name":"About us"}]},{"@type":"WebSite","@id":"https:\/\/www.custom-displays.com\/es\/#website","url":"https:\/\/www.custom-displays.com\/es\/","name":"Fabricante de pantallas acr\u00edlicas de China, fabricante de cajas acr\u00edlicas","description":"Expositores acr\u00edlicos personalizados, Caja acr\u00edlica personalizada.","potentialAction":[{"@type":"SearchAction","target":{"@type":"EntryPoint","urlTemplate":"https:\/\/www.custom-displays.com\/es\/?s={search_term_string}"},"query-input":{"@type":"PropertyValueSpecification","valueRequired":true,"valueName":"search_term_string"}}],"inLanguage":"es"}]}},"_links":{"self":[{"href":"https:\/\/www.custom-displays.com\/es\/wp-json\/wp\/v2\/pages\/55","targetHints":{"allow":["GET"]}}],"collection":[{"href":"https:\/\/www.custom-displays.com\/es\/wp-json\/wp\/v2\/pages"}],"about":[{"href":"https:\/\/www.custom-displays.com\/es\/wp-json\/wp\/v2\/types\/page"}],"author":[{"embeddable":true,"href":"https:\/\/www.custom-displays.com\/es\/wp-json\/wp\/v2\/users\/1"}],"replies":[{"embeddable":true,"href":"https:\/\/www.custom-displays.com\/es\/wp-json\/wp\/v2\/comments?post=55"}],"version-history":[{"count":0,"href":"https:\/\/www.custom-displays.com\/es\/wp-json\/wp\/v2\/pages\/55\/revisions"}],"wp:attachment":[{"href":"https:\/\/www.custom-displays.com\/es\/wp-json\/wp\/v2\/media?parent=55"}],"curies":[{"name":"wp","href":"https:\/\/api.w.org\/{rel}","templated":true}]}}