{"id":2848,"date":"2016-12-02T22:07:17","date_gmt":"2016-12-02T14:07:17","guid":{"rendered":"http:\/\/www.custom-displays.com\/?page_id=2848"},"modified":"2023-12-09T16:39:10","modified_gmt":"2023-12-09T08:39:10","slug":"how-to-order","status":"publish","type":"page","link":"https:\/\/www.custom-displays.com\/de\/how-to-order\/","title":{"rendered":"Kundenspezifische Leistungen"},"content":{"rendered":"<p><strong>Sehr geehrter Kunde<\/strong>,<\/p>\n<p>Gerne unterst\u00fctzen wir Sie bei Ihren Anliegen. Um sicherzustellen, dass wir Ihnen ein genaues Angebot unterbreiten k\u00f6nnen, senden Sie uns bitte eine E-Mail mit den folgenden Angaben:<\/p>\n<p><strong>(1). Detaillierte Beschreibung Ihrer Anforderungen<\/strong><br \/>\n<strong>(2). Die gew\u00fcnschte Bestellmenge<\/strong><\/p>\n<p>Wir werden Ihnen umgehend ein Angebot unterbreiten. Sollte der Preis akzeptabel sein, stellen wir Ihnen gerne Muster zur Pr\u00fcfung vor Ihrer Bestellung zur Verf\u00fcgung. Die Schritte zum Abschlie\u00dfen Ihrer Bestellung w\u00e4ren wie folgt:<\/p>\n<p><strong>(1). Best\u00e4tigen Sie den Erhalt der Muster und die Zufriedenheit mit deren Qualit\u00e4t.<\/strong><br \/>\n<strong>(2). Geben Sie Ihre Bestellung bei uns auf.<\/strong><br \/>\n<strong>(3). Zahlen Sie eine Anzahlung f\u00fcr die Bestellung.<\/strong><br \/>\n<strong>(4). Wir liefern die Ware dann an die von Ihnen angegebene Adresse, nachdem Sie den Restbetrag beglichen haben.<\/strong><\/p>\n<p>Vielen Dank, dass Sie uns f\u00fcr Ihre Bed\u00fcrfnisse in Betracht gezogen haben. Wir freuen uns mit dir zu arbeiten.<\/p>\n<p>Beste gr\u00fc\u00dfe,<br \/>\nSunday Knight Co., Ltd<\/p>\n<p><img decoding=\"async\" class=\"size-full wp-image-20464 aligncenter\" src=\"https:\/\/www.custom-displays.com\/wp-content\/uploads\/2022\/10\/How-to-order-from-us.webp\" alt=\"So bestellen Sie bei uns\" width=\"750\" height=\"266\" srcset=\"https:\/\/www.custom-displays.com\/wp-content\/uploads\/2022\/10\/How-to-order-from-us.webp 750w, https:\/\/www.custom-displays.com\/wp-content\/uploads\/2022\/10\/How-to-order-from-us-400x142.webp 400w\" sizes=\"(max-width: 750px) 100vw, 750px\" \/><\/p>\n<h4 style=\"text-align: center;\" align=\"center\"><span style=\"color: #0000ff;\">Sind Sie bereit f\u00fcr intelligente Displays, um Ihre Marke aufzubauen und Ihren Umsatz zu steigern?<\/span><\/h4>\n<p style=\"text-align: center;\"><span style=\"color: #ff00ff;\"><em><strong>Wir sind f\u00fcr dich da! Vom Design \u00fcber den Prototyp bis hin zum Rollout mit Liebe zum Detail.<\/strong><\/em><\/span><\/p>\n<p style=\"text-align: center;\"><a class=\"fancybox button_ default medium icon-edit-alt margin-t0  aligncenter\" href=\"#contact_form_pop\">Kontaktieren Sie uns, um es jetzt anzupassen!<\/a><\/p>\n<div class=\"fancybox-hidden\" style=\"display: none;\">\n<div id=\"contact_form_pop\">\n<div class=\"wpcf7 no-js\" id=\"wpcf7-f2438-o1\" lang=\"en-US\" dir=\"ltr\" data-wpcf7-id=\"2438\">\n<div class=\"screen-reader-response\"><p role=\"status\" aria-live=\"polite\" aria-atomic=\"true\"><\/p> <ul><\/ul><\/div>\n<form action=\"\/de\/wp-json\/wp\/v2\/pages\/2848#wpcf7-f2438-o1\" method=\"post\" class=\"wpcf7-form init\" aria-label=\"Kontakt-Formular\" novalidate=\"novalidate\" data-status=\"init\" data-trp-original-action=\"\/de\/wp-json\/wp\/v2\/pages\/2848#wpcf7-f2438-o1\">\n<fieldset class=\"hidden-fields-container\"><input type=\"hidden\" name=\"_wpcf7\" value=\"2438\" \/><input type=\"hidden\" name=\"_wpcf7_version\" value=\"6.1.5\" \/><input type=\"hidden\" name=\"_wpcf7_locale\" value=\"en_US\" \/><input type=\"hidden\" name=\"_wpcf7_unit_tag\" value=\"wpcf7-f2438-o1\" \/><input type=\"hidden\" name=\"_wpcf7_container_post\" value=\"0\" \/><input type=\"hidden\" name=\"_wpcf7_posted_data_hash\" value=\"\" \/>\n<\/fieldset>\n<div id=\"enquiry-form\">\n\t<p class=\"t\">Ihr Name:\n\t<\/p>\n\t<p class=\"c\"><span class=\"wpcf7-form-control-wrap\" data-name=\"your-name\"><input size=\"40\" maxlength=\"400\" class=\"wpcf7-form-control wpcf7-text wpcf7-validates-as-required\" aria-required=\"true\" aria-invalid=\"false\" placeholder=\"Name\" value=\"\" type=\"text\" name=\"your-name\" \/><\/span>\n\t<\/p>\n\t<p class=\"t\">Deine E-Mail:\n\t<\/p>\n\t<p class=\"c\"><span class=\"wpcf7-form-control-wrap\" data-name=\"your-email\"><input size=\"40\" maxlength=\"400\" class=\"wpcf7-form-control wpcf7-email wpcf7-validates-as-required wpcf7-text wpcf7-validates-as-email\" aria-required=\"true\" aria-invalid=\"false\" placeholder=\"Email\" value=\"\" type=\"email\" name=\"your-email\" \/><\/span>\n\t<\/p>\n\t<p class=\"t\">Nachricht:\n\t<\/p>\n\t<p class=\"c\"><span class=\"wpcf7-form-control-wrap\" data-name=\"your-message\"><textarea cols=\"40\" rows=\"10\" maxlength=\"2000\" class=\"wpcf7-form-control wpcf7-textarea wpcf7-validates-as-required\" aria-required=\"true\" aria-invalid=\"false\" placeholder=\"Ihre Nachricht\" name=\"your-message\"><\/textarea><\/span>\n\t<\/p>\n<div class=\"wpcf7-response-output\" aria-hidden=\"true\"><\/div>\n\t<p class=\"t\"><span class=\"wpcf7-form-control-wrap\" data-name=\"quiz-math\"><label><span class=\"wpcf7-quiz-label\">Bitte antworten Sie mit 1+2=?<\/span> <input size=\"40\" class=\"wpcf7-form-control wpcf7-quiz quiz\" autocomplete=\"off\" aria-required=\"true\" aria-invalid=\"false\" type=\"text\" name=\"quiz-math\" \/><\/label><input type=\"hidden\" name=\"_wpcf7_quiz_answer_quiz-math\" value=\"35271466e2e2fc2cd3f5bd67f06efa67\" \/><\/span>\n\t<\/p>\n\t<p><input class=\"wpcf7-form-control wpcf7-submit has-spinner\" type=\"submit\" value=\"Schicken\" \/>\n\t<\/p>\n<\/div>\n<input type=\"hidden\" name=\"trp-form-language\" value=\"de\"\/><\/form>\n<\/div>\n<\/div>\n<\/div>","protected":false},"excerpt":{"rendered":"","protected":false},"author":1,"featured_media":0,"parent":0,"menu_order":0,"comment_status":"closed","ping_status":"closed","template":"","meta":{"footnotes":""},"class_list":["post-2848","page","type-page","status-publish","hentry"],"yoast_head":"<!-- This site is optimized with the Yoast SEO plugin v27.5 - https:\/\/yoast.com\/product\/yoast-seo-wordpress\/ -->\n<title>How to order acrylic display stands from direct factory?<\/title>\n<meta name=\"description\" content=\"How to order acrylic display stands from direct factory? It&#039;s very simple, please email us with detailed requirement, we will quote as soon as possible.\" \/>\n<meta name=\"robots\" content=\"index, follow, max-snippet:-1, max-image-preview:large, max-video-preview:-1\" \/>\n<link rel=\"canonical\" href=\"https:\/\/www.custom-displays.com\/de\/how-to-order\/\" \/>\n<meta property=\"og:locale\" content=\"de_DE\" \/>\n<meta property=\"og:type\" content=\"article\" \/>\n<meta property=\"og:title\" content=\"How to order acrylic display stands from direct factory?\" \/>\n<meta property=\"og:description\" content=\"How to order acrylic display stands from direct factory? It&#039;s very simple, please email us with detailed requirement, we will quote as soon as possible.\" \/>\n<meta property=\"og:url\" content=\"https:\/\/www.custom-displays.com\/de\/how-to-order\/\" \/>\n<meta property=\"og:site_name\" content=\"China acrylic display manufacturer, Acrylic box manufacturer\" \/>\n<meta property=\"article:modified_time\" content=\"2023-12-09T08:39:10+00:00\" \/>\n<meta property=\"og:image\" content=\"https:\/\/www.custom-displays.com\/wp-content\/uploads\/2022\/10\/How-to-order-from-us.webp\" \/>\n\t<meta property=\"og:image:width\" content=\"750\" \/>\n\t<meta property=\"og:image:height\" content=\"266\" \/>\n\t<meta property=\"og:image:type\" content=\"image\/webp\" \/>\n<meta name=\"twitter:label1\" content=\"Gesch\u00e4tzte Lesezeit\" \/>\n\t<meta name=\"twitter:data1\" content=\"1\u00a0Minute\" \/>\n<script type=\"application\/ld+json\" class=\"yoast-schema-graph\">{\"@context\":\"https:\\\/\\\/schema.org\",\"@graph\":[{\"@type\":\"WebPage\",\"@id\":\"https:\\\/\\\/www.custom-displays.com\\\/how-to-order\\\/\",\"url\":\"https:\\\/\\\/www.custom-displays.com\\\/how-to-order\\\/\",\"name\":\"How to order acrylic display stands from direct factory?\",\"isPartOf\":{\"@id\":\"https:\\\/\\\/www.custom-displays.com\\\/es\\\/#website\"},\"primaryImageOfPage\":{\"@id\":\"https:\\\/\\\/www.custom-displays.com\\\/how-to-order\\\/#primaryimage\"},\"image\":{\"@id\":\"https:\\\/\\\/www.custom-displays.com\\\/how-to-order\\\/#primaryimage\"},\"thumbnailUrl\":\"https:\\\/\\\/www.custom-displays.com\\\/wp-content\\\/uploads\\\/2022\\\/10\\\/How-to-order-from-us.webp\",\"datePublished\":\"2016-12-02T14:07:17+00:00\",\"dateModified\":\"2023-12-09T08:39:10+00:00\",\"description\":\"How to order acrylic display stands from direct factory? It's very simple, please email us with detailed requirement, we will quote as soon as possible.\",\"breadcrumb\":{\"@id\":\"https:\\\/\\\/www.custom-displays.com\\\/how-to-order\\\/#breadcrumb\"},\"inLanguage\":\"de\",\"potentialAction\":[{\"@type\":\"ReadAction\",\"target\":[\"https:\\\/\\\/www.custom-displays.com\\\/how-to-order\\\/\"]}]},{\"@type\":\"ImageObject\",\"inLanguage\":\"de\",\"@id\":\"https:\\\/\\\/www.custom-displays.com\\\/how-to-order\\\/#primaryimage\",\"url\":\"https:\\\/\\\/www.custom-displays.com\\\/wp-content\\\/uploads\\\/2022\\\/10\\\/How-to-order-from-us.webp\",\"contentUrl\":\"https:\\\/\\\/www.custom-displays.com\\\/wp-content\\\/uploads\\\/2022\\\/10\\\/How-to-order-from-us.webp\"},{\"@type\":\"BreadcrumbList\",\"@id\":\"https:\\\/\\\/www.custom-displays.com\\\/how-to-order\\\/#breadcrumb\",\"itemListElement\":[{\"@type\":\"ListItem\",\"position\":1,\"name\":\"Home\",\"item\":\"https:\\\/\\\/www.custom-displays.com\\\/es\\\/\"},{\"@type\":\"ListItem\",\"position\":2,\"name\":\"Custom service\"}]},{\"@type\":\"WebSite\",\"@id\":\"https:\\\/\\\/www.custom-displays.com\\\/es\\\/#website\",\"url\":\"https:\\\/\\\/www.custom-displays.com\\\/es\\\/\",\"name\":\"China acrylic display manufacturer, Acrylic box manufacturer\",\"description\":\"Custom acrylic displays, Custom acrylic box\",\"potentialAction\":[{\"@type\":\"SearchAction\",\"target\":{\"@type\":\"EntryPoint\",\"urlTemplate\":\"https:\\\/\\\/www.custom-displays.com\\\/es\\\/?s={search_term_string}\"},\"query-input\":{\"@type\":\"PropertyValueSpecification\",\"valueRequired\":true,\"valueName\":\"search_term_string\"}}],\"inLanguage\":\"de\"}]}<\/script>\n<!-- \/ Yoast SEO plugin. -->","yoast_head_json":{"title":"Wie bestelle ich Acryl-Displayst\u00e4nder direkt ab Werk?","description":"Wie bestelle ich Acryl-Displayst\u00e4nder direkt ab Werk? Es ist ganz einfach. Bitte senden Sie uns eine E-Mail mit detaillierten Anforderungen. Wir werden Ihnen so schnell wie m\u00f6glich ein Angebot unterbreiten.","robots":{"index":"index","follow":"follow","max-snippet":"max-snippet:-1","max-image-preview":"max-image-preview:large","max-video-preview":"max-video-preview:-1"},"canonical":"https:\/\/www.custom-displays.com\/de\/how-to-order\/","og_locale":"de_DE","og_type":"article","og_title":"How to order acrylic display stands from direct factory?","og_description":"How to order acrylic display stands from direct factory? It's very simple, please email us with detailed requirement, we will quote as soon as possible.","og_url":"https:\/\/www.custom-displays.com\/de\/how-to-order\/","og_site_name":"China acrylic display manufacturer, Acrylic box manufacturer","article_modified_time":"2023-12-09T08:39:10+00:00","og_image":[{"width":750,"height":266,"url":"https:\/\/www.custom-displays.com\/wp-content\/uploads\/2022\/10\/How-to-order-from-us.webp","type":"image\/webp"}],"twitter_misc":{"Gesch\u00e4tzte Lesezeit":"1\u00a0Minute"},"schema":{"@context":"https:\/\/schema.org","@graph":[{"@type":"WebPage","@id":"https:\/\/www.custom-displays.com\/how-to-order\/","url":"https:\/\/www.custom-displays.com\/how-to-order\/","name":"Wie bestelle ich Acryl-Displayst\u00e4nder direkt ab Werk?","isPartOf":{"@id":"https:\/\/www.custom-displays.com\/es\/#website"},"primaryImageOfPage":{"@id":"https:\/\/www.custom-displays.com\/how-to-order\/#primaryimage"},"image":{"@id":"https:\/\/www.custom-displays.com\/how-to-order\/#primaryimage"},"thumbnailUrl":"https:\/\/www.custom-displays.com\/wp-content\/uploads\/2022\/10\/How-to-order-from-us.webp","datePublished":"2016-12-02T14:07:17+00:00","dateModified":"2023-12-09T08:39:10+00:00","description":"Wie bestelle ich Acryl-Displayst\u00e4nder direkt ab Werk? Es ist ganz einfach. Bitte senden Sie uns eine E-Mail mit detaillierten Anforderungen. Wir werden Ihnen so schnell wie m\u00f6glich ein Angebot unterbreiten.","breadcrumb":{"@id":"https:\/\/www.custom-displays.com\/how-to-order\/#breadcrumb"},"inLanguage":"de","potentialAction":[{"@type":"ReadAction","target":["https:\/\/www.custom-displays.com\/how-to-order\/"]}]},{"@type":"ImageObject","inLanguage":"de","@id":"https:\/\/www.custom-displays.com\/how-to-order\/#primaryimage","url":"https:\/\/www.custom-displays.com\/wp-content\/uploads\/2022\/10\/How-to-order-from-us.webp","contentUrl":"https:\/\/www.custom-displays.com\/wp-content\/uploads\/2022\/10\/How-to-order-from-us.webp"},{"@type":"BreadcrumbList","@id":"https:\/\/www.custom-displays.com\/how-to-order\/#breadcrumb","itemListElement":[{"@type":"ListItem","position":1,"name":"Home","item":"https:\/\/www.custom-displays.com\/es\/"},{"@type":"ListItem","position":2,"name":"Custom service"}]},{"@type":"WebSite","@id":"https:\/\/www.custom-displays.com\/es\/#website","url":"https:\/\/www.custom-displays.com\/es\/","name":"China-Hersteller von Acryl-Displays, Hersteller von Acryl-Boxen","description":"Individuelle Acryl-Displays, individuelle Acryl-Box","potentialAction":[{"@type":"SearchAction","target":{"@type":"EntryPoint","urlTemplate":"https:\/\/www.custom-displays.com\/es\/?s={search_term_string}"},"query-input":{"@type":"PropertyValueSpecification","valueRequired":true,"valueName":"search_term_string"}}],"inLanguage":"de"}]}},"_links":{"self":[{"href":"https:\/\/www.custom-displays.com\/de\/wp-json\/wp\/v2\/pages\/2848","targetHints":{"allow":["GET"]}}],"collection":[{"href":"https:\/\/www.custom-displays.com\/de\/wp-json\/wp\/v2\/pages"}],"about":[{"href":"https:\/\/www.custom-displays.com\/de\/wp-json\/wp\/v2\/types\/page"}],"author":[{"embeddable":true,"href":"https:\/\/www.custom-displays.com\/de\/wp-json\/wp\/v2\/users\/1"}],"replies":[{"embeddable":true,"href":"https:\/\/www.custom-displays.com\/de\/wp-json\/wp\/v2\/comments?post=2848"}],"version-history":[{"count":0,"href":"https:\/\/www.custom-displays.com\/de\/wp-json\/wp\/v2\/pages\/2848\/revisions"}],"wp:attachment":[{"href":"https:\/\/www.custom-displays.com\/de\/wp-json\/wp\/v2\/media?parent=2848"}],"curies":[{"name":"wp","href":"https:\/\/api.w.org\/{rel}","templated":true}]}}